{"id":1872,"date":"2022-01-19T12:03:12","date_gmt":"2022-01-19T12:03:12","guid":{"rendered":"https:\/\/visasireland.ie\/termos-de-servico\/"},"modified":"2022-11-04T13:01:37","modified_gmt":"2022-11-04T13:01:37","slug":"termos-de-servico","status":"publish","type":"page","link":"https:\/\/visasireland.ie\/pt-br\/termos-de-servico\/","title":{"rendered":"Termos de Servi\u00e7o"},"content":{"rendered":"\r\n<h1 class=\"wp-block-heading\">Termos e Condi\u00e7\u00f5es de Uso do Site<\/h1>\r\n\r\n\r\n\r\n<h2 class=\"wp-block-heading\">1. Termos<\/h2>\r\n\r\n\r\n\r\n<p>Ao acessar este Site, acess\u00edvel a partir de visaa.cliquedmediadev.com, voc\u00ea concorda em se vincular a estes Termos e Condi\u00e7\u00f5es de Uso do Site e concorda que \u00e9 respons\u00e1vel pelo acordo com quaisquer leis locais aplic\u00e1veis. Se voc\u00ea discordar de qualquer um desses termos, voc\u00ea est\u00e1 proibido de acessar este site. Os materiais contidos neste site s\u00e3o protegidos por direitos autorais e leis de marcas registradas.<\/p>\r\n\r\n\r\n\r\n<h2 class=\"wp-block-heading\">2. Licen\u00e7a de uso<\/h2>\r\n\r\n\r\n\r\n<p>\u00c9 concedida permiss\u00e3o para baixar temporariamente uma c\u00f3pia dos materiais no site da Visas Ireland apenas para visualiza\u00e7\u00e3o transit\u00f3ria pessoal e n\u00e3o comercial. Esta \u00e9 a concess\u00e3o de uma licen\u00e7a, n\u00e3o uma transfer\u00eancia de t\u00edtulo, e sob esta licen\u00e7a voc\u00ea n\u00e3o pode:<\/p>\r\n\r\n\r\n\r\n<ul class=\"wp-block-list\">\r\n<li>modificar ou copiar os materiais;<\/li>\r\n<li>usar os materiais para qualquer finalidade comercial ou para qualquer exibi\u00e7\u00e3o p\u00fablica;<\/li>\r\n<li>tentar fazer engenharia reversa de qualquer software contido no site da Visas Ireland;<\/li>\r\n<li>remover quaisquer direitos autorais ou outras nota\u00e7\u00f5es de propriedade dos materiais; ou<\/li>\r\n<li>transferir os materiais para outra pessoa ou &#8220;espelhar&#8221; os materiais em qualquer outro servidor.<\/li>\r\n<\/ul>\r\n\r\n\r\n\r\n<p>Isso permitir\u00e1 que a Visas Ireland seja rescindida em caso de viola\u00e7\u00e3o de qualquer uma dessas restri\u00e7\u00f5es. Ap\u00f3s a rescis\u00e3o, seu direito de visualiza\u00e7\u00e3o tamb\u00e9m ser\u00e1 rescindido e voc\u00ea deve destruir qualquer material baixado em sua posse, seja em formato impresso ou eletr\u00f4nico. Estes Termos de Servi\u00e7o foram criados com a ajuda do <a href=\"https:\/\/www.termsofservicegenerator.net\">Gerador de Termos de Servi\u00e7o<\/a>.<\/p>\r\n\r\n\r\n\r\n<h2 class=\"wp-block-heading\">3. Isen\u00e7\u00e3o de responsabilidade<\/h2>\r\n\r\n\r\n\r\n<p>Todos os materiais no site da <a href=\"https:\/\/visasireland.ie\/pt-br\/\">Visas Ireland<\/a> s\u00e3o fornecidos &#8220;como est\u00e3o&#8221;. A Visas Ireland n\u00e3o oferece garantias, sejam expressas ou impl\u00edcitas, portanto, nega todas as outras garantias. Al\u00e9m disso, a Visas Ireland n\u00e3o faz nenhuma representa\u00e7\u00e3o relativa \u00e0 precis\u00e3o ou confiabilidade do uso dos materiais em seu site ou de outra forma relacionada a tais materiais ou sites vinculados a este site.<\/p>\r\n\r\n\r\n\r\n<h2 class=\"wp-block-heading\">4. Limita\u00e7\u00f5es<\/h2>\r\n\r\n\r\n\r\n<p>A Visas Ireland ou seus fornecedores n\u00e3o ser\u00e3o responsabilizados por quaisquer danos que possam surgir com o uso ou incapacidade de usar os materiais no site da Visas Ireland, mesmo que a Visas Ireland ou um representante autorizado deste site tenha sido notificado, verbalmente ou por escrito, de a possibilidade de tal dano. Algumas jurisdi\u00e7\u00f5es n\u00e3o permitem limita\u00e7\u00f5es em garantias impl\u00edcitas ou limita\u00e7\u00f5es de responsabilidade por danos incidentais, essas limita\u00e7\u00f5es podem n\u00e3o se aplicar a voc\u00ea.<\/p>\r\n\r\n\r\n\r\n<h2 class=\"wp-block-heading\">5. Revis\u00f5es e Errata<\/h2>\r\n\r\n\r\n\r\n<p>Os materiais que aparecem no site da Visas Ireland podem incluir erros t\u00e9cnicos, tipogr\u00e1ficos ou fotogr\u00e1ficos. A Visas Ireland n\u00e3o promete que nenhum dos materiais deste Site seja preciso, completo ou atual. A Visas Ireland pode alterar os materiais contidos em seu site a qualquer momento sem aviso pr\u00e9vio. A Visas Ireland n\u00e3o se compromete a atualizar os materiais.<\/p>\r\n\r\n\r\n\r\n<h2 class=\"wp-block-heading\">6. Links<\/h2>\r\n\r\n\r\n\r\n<p>A Visas Ireland n\u00e3o revisou todos os sites vinculados ao seu site e n\u00e3o \u00e9 respons\u00e1vel pelo conte\u00fado de qualquer site vinculado. A presen\u00e7a de qualquer link n\u00e3o implica o endosso da Visas Ireland ao site. O uso de qualquer site vinculado \u00e9 por conta e risco do usu\u00e1rio.<\/p>\r\n\r\n\r\n\r\n<h2 class=\"wp-block-heading\">7. Modifica\u00e7\u00f5es dos Termos de Uso do Site<\/h2>\r\n\r\n\r\n\r\n<p>A Visas Ireland pode revisar estes Termos de Uso de seu site a qualquer momento sem aviso pr\u00e9vio. Ao usar este site, voc\u00ea concorda em ficar vinculado \u00e0 vers\u00e3o atual destes Termos e Condi\u00e7\u00f5es de Uso.<\/p>\r\n\r\n\r\n\r\n<h2 class=\"wp-block-heading\">8. Sua Privacidade<\/h2>\r\n\r\n\r\n\r\n<p>Por favor, leia nossa Pol\u00edtica de Privacidade.<\/p>\r\n\r\n\r\n\r\n<h2 class=\"wp-block-heading\">9. Lei Aplic\u00e1vel<\/h2>\r\n\r\n\r\n\r\n<p>Qualquer reclama\u00e7\u00e3o relacionada ao site da Visas Ireland ser\u00e1 regida pelas leis da Irlanda, independentemente de seu conflito de disposi\u00e7\u00f5es legais.<\/p>\r\n","protected":false},"excerpt":{"rendered":"<p>Termos e Condi\u00e7\u00f5es de Uso do Site 1. Termos Ao acessar este Site, acess\u00edvel a partir de visaa.cliquedmediadev.com, voc\u00ea concorda em se vincular a estes Termos e Condi\u00e7\u00f5es de Uso do Site e concorda que \u00e9 respons\u00e1vel pelo acordo com quaisquer leis locais aplic\u00e1veis. Se voc\u00ea discordar de qualquer um desses termos, voc\u00ea est\u00e1 proibido [&hellip;]<\/p>\n","protected":false},"author":1,"featured_media":0,"parent":0,"menu_order":0,"comment_status":"closed","ping_status":"closed","template":"","meta":{"inline_featured_image":false,"ocean_post_layout":"","ocean_both_sidebars_style":"","ocean_both_sidebars_content_width":0,"ocean_both_sidebars_sidebars_width":0,"ocean_sidebar":"0","ocean_second_sidebar":"0","ocean_disable_margins":"enable","ocean_add_body_class":"","ocean_shortcode_before_top_bar":"","ocean_shortcode_after_top_bar":"","ocean_shortcode_before_header":"","ocean_shortcode_after_header":"","ocean_has_shortcode":"","ocean_shortcode_after_title":"","ocean_shortcode_before_footer_widgets":"","ocean_shortcode_after_footer_widgets":"","ocean_shortcode_before_footer_bottom":"","ocean_shortcode_after_footer_bottom":"","ocean_display_top_bar":"default","ocean_display_header":"default","ocean_header_style":"","ocean_center_header_left_menu":"0","ocean_custom_header_template":"0","ocean_custom_logo":0,"ocean_custom_retina_logo":0,"ocean_custom_logo_max_width":0,"ocean_custom_logo_tablet_max_width":0,"ocean_custom_logo_mobile_max_width":0,"ocean_custom_logo_max_height":0,"ocean_custom_logo_tablet_max_height":0,"ocean_custom_logo_mobile_max_height":0,"ocean_header_custom_menu":"0","ocean_menu_typo_font_family":"0","ocean_menu_typo_font_subset":"","ocean_menu_typo_font_size":0,"ocean_menu_typo_font_size_tablet":0,"ocean_menu_typo_font_size_mobile":0,"ocean_menu_typo_font_size_unit":"px","ocean_menu_typo_font_weight":"","ocean_menu_typo_font_weight_tablet":"","ocean_menu_typo_font_weight_mobile":"","ocean_menu_typo_transform":"","ocean_menu_typo_transform_tablet":"","ocean_menu_typo_transform_mobile":"","ocean_menu_typo_line_height":0,"ocean_menu_typo_line_height_tablet":0,"ocean_menu_typo_line_height_mobile":0,"ocean_menu_typo_line_height_unit":"","ocean_menu_typo_spacing":0,"ocean_menu_typo_spacing_tablet":0,"ocean_menu_typo_spacing_mobile":0,"ocean_menu_typo_spacing_unit":"","ocean_menu_link_color":"","ocean_menu_link_color_hover":"","ocean_menu_link_color_active":"","ocean_menu_link_background":"","ocean_menu_link_hover_background":"","ocean_menu_link_active_background":"","ocean_menu_social_links_bg":"","ocean_menu_social_hover_links_bg":"","ocean_menu_social_links_color":"","ocean_menu_social_hover_links_color":"","ocean_disable_title":"default","ocean_disable_heading":"default","ocean_post_title":"","ocean_post_subheading":"","ocean_post_title_style":"","ocean_post_title_background_color":"","ocean_post_title_background":0,"ocean_post_title_bg_image_position":"","ocean_post_title_bg_image_attachment":"","ocean_post_title_bg_image_repeat":"","ocean_post_title_bg_image_size":"","ocean_post_title_height":0,"ocean_post_title_bg_overlay":0.5,"ocean_post_title_bg_overlay_color":"","ocean_disable_breadcrumbs":"default","ocean_breadcrumbs_color":"","ocean_breadcrumbs_separator_color":"","ocean_breadcrumbs_links_color":"","ocean_breadcrumbs_links_hover_color":"","ocean_display_footer_widgets":"default","ocean_display_footer_bottom":"default","ocean_custom_footer_template":"0","footnotes":""},"class_list":["post-1872","page","type-page","status-publish","hentry","entry"],"yoast_head":"<!-- This site is optimized with the Yoast SEO plugin v19.9 - https:\/\/yoast.com\/wordpress\/plugins\/seo\/ -->\n<title>Termos de Servi\u00e7o e Condi\u00e7\u00f5es de Uso<\/title>\n<meta name=\"description\" content=\"Termos de Servi\u00e7o - Qualquer reclama\u00e7\u00e3o relacionada ao site da Visas Ireland ser\u00e1 regida pelas leis da Irlanda, independentemente de seu conflito de leis.\" \/>\n<meta name=\"robots\" content=\"index, follow, max-snippet:-1, max-image-preview:large, max-video-preview:-1\" \/>\n<link rel=\"canonical\" href=\"https:\/\/visasireland.ie\/pt-br\/termos-de-servico\/\" \/>\n<meta property=\"og:locale\" content=\"pt_BR\" \/>\n<meta property=\"og:type\" content=\"article\" \/>\n<meta property=\"og:title\" content=\"Termos de Servi\u00e7o e Condi\u00e7\u00f5es de Uso\" \/>\n<meta property=\"og:description\" content=\"Termos de Servi\u00e7o - Qualquer reclama\u00e7\u00e3o relacionada ao site da Visas Ireland ser\u00e1 regida pelas leis da Irlanda, independentemente de seu conflito de leis.\" \/>\n<meta property=\"og:url\" content=\"https:\/\/visasireland.ie\/pt-br\/termos-de-servico\/\" \/>\n<meta property=\"og:site_name\" content=\"Visas Ireland\" \/>\n<meta property=\"article:modified_time\" content=\"2022-11-04T13:01:37+00:00\" \/>\n<meta name=\"twitter:card\" content=\"summary_large_image\" \/>\n<meta name=\"twitter:label1\" content=\"Est. tempo de leitura\" \/>\n\t<meta name=\"twitter:data1\" content=\"3 minutos\" \/>\n<script type=\"application\/ld+json\" class=\"yoast-schema-graph\">{\"@context\":\"https:\/\/schema.org\",\"@graph\":[{\"@type\":\"WebPage\",\"@id\":\"https:\/\/visasireland.ie\/pt-br\/termos-de-servico\/\",\"url\":\"https:\/\/visasireland.ie\/pt-br\/termos-de-servico\/\",\"name\":\"Termos de Servi\u00e7o e Condi\u00e7\u00f5es de Uso\",\"isPartOf\":{\"@id\":\"https:\/\/visasireland.ie\/pt-br\/#website\"},\"datePublished\":\"2022-01-19T12:03:12+00:00\",\"dateModified\":\"2022-11-04T13:01:37+00:00\",\"description\":\"Termos de Servi\u00e7o - Qualquer reclama\u00e7\u00e3o relacionada ao site da Visas Ireland ser\u00e1 regida pelas leis da Irlanda, independentemente de seu conflito de leis.\",\"breadcrumb\":{\"@id\":\"https:\/\/visasireland.ie\/pt-br\/termos-de-servico\/#breadcrumb\"},\"inLanguage\":\"pt-BR\",\"potentialAction\":[{\"@type\":\"ReadAction\",\"target\":[\"https:\/\/visasireland.ie\/pt-br\/termos-de-servico\/\"]}]},{\"@type\":\"BreadcrumbList\",\"@id\":\"https:\/\/visasireland.ie\/pt-br\/termos-de-servico\/#breadcrumb\",\"itemListElement\":[{\"@type\":\"ListItem\",\"position\":1,\"name\":\"Home\",\"item\":\"https:\/\/visasireland.ie\/pt-br\/\"},{\"@type\":\"ListItem\",\"position\":2,\"name\":\"Termos de Servi\u00e7o\"}]},{\"@type\":\"WebSite\",\"@id\":\"https:\/\/visasireland.ie\/pt-br\/#website\",\"url\":\"https:\/\/visasireland.ie\/pt-br\/\",\"name\":\"Visas Ireland\",\"description\":\"Visas Ireland is a team of professionals with extensive experience in the Irish Immigration System\",\"publisher\":{\"@id\":\"https:\/\/visasireland.ie\/pt-br\/#organization\"},\"potentialAction\":[{\"@type\":\"SearchAction\",\"target\":{\"@type\":\"EntryPoint\",\"urlTemplate\":\"https:\/\/visasireland.ie\/pt-br\/?s={search_term_string}\"},\"query-input\":\"required name=search_term_string\"}],\"inLanguage\":\"pt-BR\"},{\"@type\":\"Organization\",\"@id\":\"https:\/\/visasireland.ie\/pt-br\/#organization\",\"name\":\"Visas Ireland\",\"url\":\"https:\/\/visasireland.ie\/pt-br\/\",\"logo\":{\"@type\":\"ImageObject\",\"inLanguage\":\"pt-BR\",\"@id\":\"https:\/\/visasireland.ie\/pt-br\/#\/schema\/logo\/image\/\",\"url\":\"https:\/\/visasireland.ie\/wp-content\/uploads\/2022\/01\/Group-457.png\",\"contentUrl\":\"https:\/\/visasireland.ie\/wp-content\/uploads\/2022\/01\/Group-457.png\",\"width\":113,\"height\":87,\"caption\":\"Visas Ireland\"},\"image\":{\"@id\":\"https:\/\/visasireland.ie\/pt-br\/#\/schema\/logo\/image\/\"}}]}<\/script>\n<!-- \/ Yoast SEO plugin. -->","yoast_head_json":{"title":"Termos de Servi\u00e7o e Condi\u00e7\u00f5es de Uso","description":"Termos de Servi\u00e7o - Qualquer reclama\u00e7\u00e3o relacionada ao site da Visas Ireland ser\u00e1 regida pelas leis da Irlanda, independentemente de seu conflito de leis.","robots":{"index":"index","follow":"follow","max-snippet":"max-snippet:-1","max-image-preview":"max-image-preview:large","max-video-preview":"max-video-preview:-1"},"canonical":"https:\/\/visasireland.ie\/pt-br\/termos-de-servico\/","og_locale":"pt_BR","og_type":"article","og_title":"Termos de Servi\u00e7o e Condi\u00e7\u00f5es de Uso","og_description":"Termos de Servi\u00e7o - Qualquer reclama\u00e7\u00e3o relacionada ao site da Visas Ireland ser\u00e1 regida pelas leis da Irlanda, independentemente de seu conflito de leis.","og_url":"https:\/\/visasireland.ie\/pt-br\/termos-de-servico\/","og_site_name":"Visas Ireland","article_modified_time":"2022-11-04T13:01:37+00:00","twitter_card":"summary_large_image","twitter_misc":{"Est. tempo de leitura":"3 minutos"},"schema":{"@context":"https:\/\/schema.org","@graph":[{"@type":"WebPage","@id":"https:\/\/visasireland.ie\/pt-br\/termos-de-servico\/","url":"https:\/\/visasireland.ie\/pt-br\/termos-de-servico\/","name":"Termos de Servi\u00e7o e Condi\u00e7\u00f5es de Uso","isPartOf":{"@id":"https:\/\/visasireland.ie\/pt-br\/#website"},"datePublished":"2022-01-19T12:03:12+00:00","dateModified":"2022-11-04T13:01:37+00:00","description":"Termos de Servi\u00e7o - Qualquer reclama\u00e7\u00e3o relacionada ao site da Visas Ireland ser\u00e1 regida pelas leis da Irlanda, independentemente de seu conflito de leis.","breadcrumb":{"@id":"https:\/\/visasireland.ie\/pt-br\/termos-de-servico\/#breadcrumb"},"inLanguage":"pt-BR","potentialAction":[{"@type":"ReadAction","target":["https:\/\/visasireland.ie\/pt-br\/termos-de-servico\/"]}]},{"@type":"BreadcrumbList","@id":"https:\/\/visasireland.ie\/pt-br\/termos-de-servico\/#breadcrumb","itemListElement":[{"@type":"ListItem","position":1,"name":"Home","item":"https:\/\/visasireland.ie\/pt-br\/"},{"@type":"ListItem","position":2,"name":"Termos de Servi\u00e7o"}]},{"@type":"WebSite","@id":"https:\/\/visasireland.ie\/pt-br\/#website","url":"https:\/\/visasireland.ie\/pt-br\/","name":"Visas Ireland","description":"Visas Ireland is a team of professionals with extensive experience in the Irish Immigration System","publisher":{"@id":"https:\/\/visasireland.ie\/pt-br\/#organization"},"potentialAction":[{"@type":"SearchAction","target":{"@type":"EntryPoint","urlTemplate":"https:\/\/visasireland.ie\/pt-br\/?s={search_term_string}"},"query-input":"required name=search_term_string"}],"inLanguage":"pt-BR"},{"@type":"Organization","@id":"https:\/\/visasireland.ie\/pt-br\/#organization","name":"Visas Ireland","url":"https:\/\/visasireland.ie\/pt-br\/","logo":{"@type":"ImageObject","inLanguage":"pt-BR","@id":"https:\/\/visasireland.ie\/pt-br\/#\/schema\/logo\/image\/","url":"https:\/\/visasireland.ie\/wp-content\/uploads\/2022\/01\/Group-457.png","contentUrl":"https:\/\/visasireland.ie\/wp-content\/uploads\/2022\/01\/Group-457.png","width":113,"height":87,"caption":"Visas Ireland"},"image":{"@id":"https:\/\/visasireland.ie\/pt-br\/#\/schema\/logo\/image\/"}}]}},"_links":{"self":[{"href":"https:\/\/visasireland.ie\/pt-br\/wp-json\/wp\/v2\/pages\/1872","targetHints":{"allow":["GET"]}}],"collection":[{"href":"https:\/\/visasireland.ie\/pt-br\/wp-json\/wp\/v2\/pages"}],"about":[{"href":"https:\/\/visasireland.ie\/pt-br\/wp-json\/wp\/v2\/types\/page"}],"author":[{"embeddable":true,"href":"https:\/\/visasireland.ie\/pt-br\/wp-json\/wp\/v2\/users\/1"}],"replies":[{"embeddable":true,"href":"https:\/\/visasireland.ie\/pt-br\/wp-json\/wp\/v2\/comments?post=1872"}],"version-history":[{"count":5,"href":"https:\/\/visasireland.ie\/pt-br\/wp-json\/wp\/v2\/pages\/1872\/revisions"}],"predecessor-version":[{"id":1961,"href":"https:\/\/visasireland.ie\/pt-br\/wp-json\/wp\/v2\/pages\/1872\/revisions\/1961"}],"wp:attachment":[{"href":"https:\/\/visasireland.ie\/pt-br\/wp-json\/wp\/v2\/media?parent=1872"}],"curies":[{"name":"wp","href":"https:\/\/api.w.org\/{rel}","templated":true}]}}