{"id":1865,"date":"2022-01-10T06:15:34","date_gmt":"2022-01-10T06:15:34","guid":{"rendered":"https:\/\/visasireland.ie\/politica-de-privacidade\/"},"modified":"2024-01-11T13:28:14","modified_gmt":"2024-01-11T13:28:14","slug":"politica-de-privacidade","status":"publish","type":"page","link":"https:\/\/visasireland.ie\/pt-br\/politica-de-privacidade\/","title":{"rendered":"Pol\u00edtica de Privacidade"},"content":{"rendered":"\t\t<div data-elementor-type=\"wp-page\" data-elementor-id=\"1865\" class=\"elementor elementor-1865 elementor-3\">\n\t\t\t\t\t\t\t\t\t<section class=\"elementor-section elementor-top-section elementor-element elementor-element-4cefcdf4 elementor-section-boxed elementor-section-height-default elementor-section-height-default\" data-id=\"4cefcdf4\" data-element_type=\"section\">\n\t\t\t\t\t\t<div class=\"elementor-container elementor-column-gap-default\">\n\t\t\t\t\t<div class=\"elementor-column elementor-col-100 elementor-top-column elementor-element elementor-element-1ea0ebf3\" data-id=\"1ea0ebf3\" data-element_type=\"column\">\n\t\t\t<div class=\"elementor-widget-wrap elementor-element-populated\">\n\t\t\t\t\t\t\t\t<div class=\"elementor-element elementor-element-727c39d3 elementor-widget elementor-widget-heading\" data-id=\"727c39d3\" data-element_type=\"widget\" data-widget_type=\"heading.default\">\n\t\t\t\t<div class=\"elementor-widget-container\">\n\t\t\t<style>\/*! elementor - v3.6.5 - 27-04-2022 *\/\n.elementor-heading-title{padding:0;margin:0;line-height:1}.elementor-widget-heading .elementor-heading-title[class*=elementor-size-]>a{color:inherit;font-size:inherit;line-height:inherit}.elementor-widget-heading .elementor-heading-title.elementor-size-small{font-size:15px}.elementor-widget-heading .elementor-heading-title.elementor-size-medium{font-size:19px}.elementor-widget-heading .elementor-heading-title.elementor-size-large{font-size:29px}.elementor-widget-heading .elementor-heading-title.elementor-size-xl{font-size:39px}.elementor-widget-heading .elementor-heading-title.elementor-size-xxl{font-size:59px}<\/style><h1 class=\"elementor-heading-title elementor-size-default\">POL\u00cdTICA DE PRIVACIDADE<\/h1>\t\t<\/div>\n\t\t\t\t<\/div>\n\t\t\t\t<div class=\"elementor-element elementor-element-7d5c2b72 elementor-widget elementor-widget-heading\" data-id=\"7d5c2b72\" data-element_type=\"widget\" data-widget_type=\"heading.default\">\n\t\t\t\t<div class=\"elementor-widget-container\">\n\t\t\t<h2 class=\"elementor-heading-title elementor-size-default\">Quais informa\u00e7\u00f5es coletamos?\u00a0<\/h2>\t\t<\/div>\n\t\t\t\t<\/div>\n\t\t\t\t<div class=\"elementor-element elementor-element-7fe32e3 elementor-widget elementor-widget-text-editor\" data-id=\"7fe32e3\" data-element_type=\"widget\" data-widget_type=\"text-editor.default\">\n\t\t\t\t<div class=\"elementor-widget-container\">\n\t\t\t<style>\/*! elementor - v3.6.5 - 27-04-2022 *\/\n.elementor-widget-text-editor.elementor-drop-cap-view-stacked .elementor-drop-cap{background-color:#818a91;color:#fff}.elementor-widget-text-editor.elementor-drop-cap-view-framed .elementor-drop-cap{color:#818a91;border:3px solid;background-color:transparent}.elementor-widget-text-editor:not(.elementor-drop-cap-view-default) .elementor-drop-cap{margin-top:8px}.elementor-widget-text-editor:not(.elementor-drop-cap-view-default) .elementor-drop-cap-letter{width:1em;height:1em}.elementor-widget-text-editor .elementor-drop-cap{float:left;text-align:center;line-height:1;font-size:50px}.elementor-widget-text-editor .elementor-drop-cap-letter{display:inline-block}<\/style>\t\t\t\tNossa companhia coleta as seguintes informa\u00e7\u00f5es:\u00a0\n<ul>\n \t<li>Informa\u00e7\u00e3o de identifica\u00e7\u00e3o pessoal (Nome, endere\u00e7o de e-mail, n\u00famero de telefone, etc.)<\/li>\n<\/ul>\t\t\t\t\t\t<\/div>\n\t\t\t\t<\/div>\n\t\t\t\t<div class=\"elementor-element elementor-element-357eabd6 elementor-widget elementor-widget-heading\" data-id=\"357eabd6\" data-element_type=\"widget\" data-widget_type=\"heading.default\">\n\t\t\t\t<div class=\"elementor-widget-container\">\n\t\t\t<h2 class=\"elementor-heading-title elementor-size-default\">Como coletamos suas informa\u00e7\u00f5es?\u00a0<\/h2>\t\t<\/div>\n\t\t\t\t<\/div>\n\t\t\t\t<div class=\"elementor-element elementor-element-1db5ae42 elementor-widget elementor-widget-text-editor\" data-id=\"1db5ae42\" data-element_type=\"widget\" data-widget_type=\"text-editor.default\">\n\t\t\t\t<div class=\"elementor-widget-container\">\n\t\t\t\t\t\t\t\u00a0Voc\u00ea dever\u00e1 prover diretamente \u00e0 nossa companhia a maioria das suas informa\u00e7\u00f5es que coletamos. N\u00f3s coletamos e processamos os dados quando voc\u00ea:\u00a0\n<ul>\n<li>Se registra online ou realiza o pedido para qualquer um dos nossos produtos ou servi\u00e7os.<\/li>\n \t<li>Utiliza ou visualiza nosso website atrav\u00e9s dos cookies do seu navegador.<\/li>\n \t<li>Completing our form\/questionnaire.<\/li>\n<\/ul>\t\t\t\t\t\t<\/div>\n\t\t\t\t<\/div>\n\t\t\t\t<div class=\"elementor-element elementor-element-7ff88d58 elementor-widget elementor-widget-heading\" data-id=\"7ff88d58\" data-element_type=\"widget\" data-widget_type=\"heading.default\">\n\t\t\t\t<div class=\"elementor-widget-container\">\n\t\t\t<h2 class=\"elementor-heading-title elementor-size-default\">Como vamos usar suas informa\u00e7\u00f5es?\u00a0<\/h2>\t\t<\/div>\n\t\t\t\t<\/div>\n\t\t\t\t<div class=\"elementor-element elementor-element-6b6b35b1 elementor-widget elementor-widget-text-editor\" data-id=\"6b6b35b1\" data-element_type=\"widget\" data-widget_type=\"text-editor.default\">\n\t\t\t\t<div class=\"elementor-widget-container\">\n\t\t\t\t\t\t\tNossa companhia coleta suas informa\u00e7\u00f5es para que n\u00f3s possamos:\n<ul>\n \t<li>Processar e administrar nossos servi\u00e7os oferecidos para voc\u00ea.\u00a0<\/li>\n<\/ul>\t\t\t\t\t\t<\/div>\n\t\t\t\t<\/div>\n\t\t\t\t<div class=\"elementor-element elementor-element-64f20d3c elementor-widget elementor-widget-heading\" data-id=\"64f20d3c\" data-element_type=\"widget\" data-widget_type=\"heading.default\">\n\t\t\t\t<div class=\"elementor-widget-container\">\n\t\t\t<h2 class=\"elementor-heading-title elementor-size-default\">Como armazenamos suas informa\u00e7\u00f5es?<\/h2>\t\t<\/div>\n\t\t\t\t<\/div>\n\t\t\t\t<div class=\"elementor-element elementor-element-31411a7a elementor-widget elementor-widget-text-editor\" data-id=\"31411a7a\" data-element_type=\"widget\" data-widget_type=\"text-editor.default\">\n\t\t\t\t<div class=\"elementor-widget-container\">\n\t\t\t\t\t\t\t<p>Nossa companhia armazena seguramente seus dados atrav\u00e9s do Microsoft 365.\u00a0<\/p><p>\u00a0Nossa companhia manter\u00e1 suas informa\u00e7\u00f5es pessoais por um per\u00edodo de at\u00e9 7 anos para nos permitir completar nossos servi\u00e7os por voc\u00ea. Uma vez expirado esse tempo, iremos deletar seus dados.<\/p>\t\t\t\t\t\t<\/div>\n\t\t\t\t<\/div>\n\t\t\t\t<div class=\"elementor-element elementor-element-15886f0e elementor-widget elementor-widget-heading\" data-id=\"15886f0e\" data-element_type=\"widget\" data-widget_type=\"heading.default\">\n\t\t\t\t<div class=\"elementor-widget-container\">\n\t\t\t<h2 class=\"elementor-heading-title elementor-size-default\">Quais s\u00e3o seus direitos de prote\u00e7\u00e3o de dados?\u00a0<\/h2>\t\t<\/div>\n\t\t\t\t<\/div>\n\t\t\t\t<div class=\"elementor-element elementor-element-285f4e26 elementor-widget elementor-widget-text-editor\" data-id=\"285f4e26\" data-element_type=\"widget\" data-widget_type=\"text-editor.default\">\n\t\t\t\t<div class=\"elementor-widget-container\">\n\t\t\t\t\t\t\t<p>Nossa companhia gostaria de garantir que voc\u00ea esteja totalmente ciente de todos os seus direitos de prote\u00e7\u00e3o de dados. Todo usu\u00e1rio \u00e9 privilegiado com os seguintes direitos:\u00a0<\/p><p><strong><b>O direito de acessar-\u00a0<\/b><\/strong>Voc\u00ea tem o direito de requisitar \u00e0 nossa companhia c\u00f3pias de suas informa\u00e7\u00f5es pessoais. Esse servi\u00e7o ser\u00e1 realizado mediante pagamento de uma pequena taxa.<\/p><p><strong><b>O direito de retifica\u00e7\u00e3o-<\/b><\/strong><strong><b>\u00a0<\/b><\/strong>Voc\u00ea tem o direito de requisitar \u00e0 nossa companhia a corre\u00e7\u00e3o de qualquer informa\u00e7\u00e3o que voc\u00ea acredite que seja incorreta. Al\u00e9m disso, voc\u00ea tamb\u00e9m tem o direito de requisitar \u00e0 nossa companhia para completar qualquer informa\u00e7\u00e3o que voc\u00ea acredite que esteja incompleta.<\/p><p><strong><b>O direito de apagamento-<\/b><\/strong>Voc\u00ea tem o direito de requisitar que a nossa companhia apague suas informa\u00e7\u00f5es pessoais, sob certas condi\u00e7\u00f5es.<\/p><p><strong><b>O direito de restri\u00e7\u00e3o do processo-<\/b><\/strong>Voc\u00ea tem o direito de\u00a0 requisitar que nossa companhia restrinja o processamento de suas informa\u00e7\u00f5es pessoais, sob certas condi\u00e7\u00f5es.<\/p><p><strong><b>O direito de oposi\u00e7\u00e3o ao processo-<\/b><\/strong>Voc\u00ea tem o direito de se opor ao processo de nossa companhia, sob certas condi\u00e7\u00f5es.<\/p><p><strong><b>O direito de transfer\u00eancia de informa\u00e7\u00f5es-<\/b><\/strong>Voc\u00ea tem o direito de requisitar \u00e0 nossa companhia a transfer\u00eancia dos seus dados coletados para outra organiza\u00e7\u00e3o, ou diretamente para voc\u00ea, sob certas condi\u00e7\u00f5es.<\/p><p>Se voc\u00ea realizar um pedido, temos at\u00e9 1(um) m\u00eas para te responder. Se voc\u00ea gostaria de exercer qualquer um desses direitos supracitados, por favor nos contate atrav\u00e9s do nosso e-mail:\u00a0<a href=\"mailto:info@visasireland.ie\"><strong><u><b>info@visasireland.ie<\/b><\/u><\/strong><\/a><\/p><p>\u00a0<\/p><p>Nos ligue pelo n\u00famero: <strong><a href=\"tel:0872235931\">087 223 5931<\/a><\/strong><\/p><p>Ou escreva para n\u00f3s:\u00a0Curtistown House, Kilmessan, Co. Meath<\/p>\t\t\t\t\t\t<\/div>\n\t\t\t\t<\/div>\n\t\t\t\t\t<\/div>\n\t\t<\/div>\n\t\t\t\t\t\t\t<\/div>\n\t\t<\/section>\n\t\t\t\t\t\t\t<\/div>\n\t\t","protected":false},"excerpt":{"rendered":"<p>POL\u00cdTICA DE PRIVACIDADE Quais informa\u00e7\u00f5es coletamos?\u00a0 Nossa companhia coleta as seguintes informa\u00e7\u00f5es:\u00a0 Informa\u00e7\u00e3o de identifica\u00e7\u00e3o pessoal (Nome, endere\u00e7o de e-mail, n\u00famero de telefone, etc.) Como coletamos suas informa\u00e7\u00f5es?\u00a0 \u00a0Voc\u00ea dever\u00e1 prover diretamente \u00e0 nossa companhia a maioria das suas informa\u00e7\u00f5es que coletamos. N\u00f3s coletamos e processamos os dados quando voc\u00ea:\u00a0 Se registra online ou realiza [&hellip;]<\/p>\n","protected":false},"author":1,"featured_media":0,"parent":0,"menu_order":0,"comment_status":"closed","ping_status":"open","template":"","meta":{"inline_featured_image":false,"ocean_post_layout":"","ocean_both_sidebars_style":"","ocean_both_sidebars_content_width":0,"ocean_both_sidebars_sidebars_width":0,"ocean_sidebar":"0","ocean_second_sidebar":"0","ocean_disable_margins":"enable","ocean_add_body_class":"","ocean_shortcode_before_top_bar":"","ocean_shortcode_after_top_bar":"","ocean_shortcode_before_header":"","ocean_shortcode_after_header":"","ocean_has_shortcode":"","ocean_shortcode_after_title":"","ocean_shortcode_before_footer_widgets":"","ocean_shortcode_after_footer_widgets":"","ocean_shortcode_before_footer_bottom":"","ocean_shortcode_after_footer_bottom":"","ocean_display_top_bar":"default","ocean_display_header":"default","ocean_header_style":"","ocean_center_header_left_menu":"0","ocean_custom_header_template":"0","ocean_custom_logo":0,"ocean_custom_retina_logo":0,"ocean_custom_logo_max_width":0,"ocean_custom_logo_tablet_max_width":0,"ocean_custom_logo_mobile_max_width":0,"ocean_custom_logo_max_height":0,"ocean_custom_logo_tablet_max_height":0,"ocean_custom_logo_mobile_max_height":0,"ocean_header_custom_menu":"0","ocean_menu_typo_font_family":"0","ocean_menu_typo_font_subset":"","ocean_menu_typo_font_size":0,"ocean_menu_typo_font_size_tablet":0,"ocean_menu_typo_font_size_mobile":0,"ocean_menu_typo_font_size_unit":"px","ocean_menu_typo_font_weight":"","ocean_menu_typo_font_weight_tablet":"","ocean_menu_typo_font_weight_mobile":"","ocean_menu_typo_transform":"","ocean_menu_typo_transform_tablet":"","ocean_menu_typo_transform_mobile":"","ocean_menu_typo_line_height":0,"ocean_menu_typo_line_height_tablet":0,"ocean_menu_typo_line_height_mobile":0,"ocean_menu_typo_line_height_unit":"","ocean_menu_typo_spacing":0,"ocean_menu_typo_spacing_tablet":0,"ocean_menu_typo_spacing_mobile":0,"ocean_menu_typo_spacing_unit":"","ocean_menu_link_color":"","ocean_menu_link_color_hover":"","ocean_menu_link_color_active":"","ocean_menu_link_background":"","ocean_menu_link_hover_background":"","ocean_menu_link_active_background":"","ocean_menu_social_links_bg":"","ocean_menu_social_hover_links_bg":"","ocean_menu_social_links_color":"","ocean_menu_social_hover_links_color":"","ocean_disable_title":"default","ocean_disable_heading":"default","ocean_post_title":"","ocean_post_subheading":"","ocean_post_title_style":"","ocean_post_title_background_color":"","ocean_post_title_background":0,"ocean_post_title_bg_image_position":"","ocean_post_title_bg_image_attachment":"","ocean_post_title_bg_image_repeat":"","ocean_post_title_bg_image_size":"","ocean_post_title_height":0,"ocean_post_title_bg_overlay":0.5,"ocean_post_title_bg_overlay_color":"","ocean_disable_breadcrumbs":"default","ocean_breadcrumbs_color":"","ocean_breadcrumbs_separator_color":"","ocean_breadcrumbs_links_color":"","ocean_breadcrumbs_links_hover_color":"","ocean_display_footer_widgets":"default","ocean_display_footer_bottom":"default","ocean_custom_footer_template":"0","footnotes":""},"class_list":["post-1865","page","type-page","status-publish","hentry","entry"],"yoast_head":"<!-- This site is optimized with the Yoast SEO plugin v19.9 - https:\/\/yoast.com\/wordpress\/plugins\/seo\/ -->\n<title>Pol\u00edtica de Privacidade<\/title>\n<meta name=\"description\" content=\"Pol\u00edtica de Privacidade\" \/>\n<meta name=\"robots\" content=\"index, follow, max-snippet:-1, max-image-preview:large, max-video-preview:-1\" \/>\n<link rel=\"canonical\" href=\"https:\/\/visasireland.ie\/pt-br\/politica-de-privacidade\/\" \/>\n<meta property=\"og:locale\" content=\"pt_BR\" \/>\n<meta property=\"og:type\" content=\"article\" \/>\n<meta property=\"og:title\" content=\"Pol\u00edtica de Privacidade\" \/>\n<meta property=\"og:description\" content=\"Pol\u00edtica de Privacidade\" \/>\n<meta property=\"og:url\" content=\"https:\/\/visasireland.ie\/pt-br\/politica-de-privacidade\/\" \/>\n<meta property=\"og:site_name\" content=\"Visas Ireland\" \/>\n<meta property=\"article:modified_time\" content=\"2024-01-11T13:28:14+00:00\" \/>\n<meta name=\"twitter:card\" content=\"summary_large_image\" \/>\n<meta name=\"twitter:label1\" content=\"Est. tempo de leitura\" \/>\n\t<meta name=\"twitter:data1\" content=\"2 minutos\" \/>\n<script type=\"application\/ld+json\" class=\"yoast-schema-graph\">{\"@context\":\"https:\/\/schema.org\",\"@graph\":[{\"@type\":\"WebPage\",\"@id\":\"https:\/\/visasireland.ie\/pt-br\/politica-de-privacidade\/\",\"url\":\"https:\/\/visasireland.ie\/pt-br\/politica-de-privacidade\/\",\"name\":\"Pol\u00edtica de Privacidade\",\"isPartOf\":{\"@id\":\"https:\/\/visasireland.ie\/pt-br\/#website\"},\"datePublished\":\"2022-01-10T06:15:34+00:00\",\"dateModified\":\"2024-01-11T13:28:14+00:00\",\"description\":\"Pol\u00edtica de Privacidade\",\"breadcrumb\":{\"@id\":\"https:\/\/visasireland.ie\/pt-br\/politica-de-privacidade\/#breadcrumb\"},\"inLanguage\":\"pt-BR\",\"potentialAction\":[{\"@type\":\"ReadAction\",\"target\":[\"https:\/\/visasireland.ie\/pt-br\/politica-de-privacidade\/\"]}]},{\"@type\":\"BreadcrumbList\",\"@id\":\"https:\/\/visasireland.ie\/pt-br\/politica-de-privacidade\/#breadcrumb\",\"itemListElement\":[{\"@type\":\"ListItem\",\"position\":1,\"name\":\"Home\",\"item\":\"https:\/\/visasireland.ie\/pt-br\/\"},{\"@type\":\"ListItem\",\"position\":2,\"name\":\"Pol\u00edtica de Privacidade\"}]},{\"@type\":\"WebSite\",\"@id\":\"https:\/\/visasireland.ie\/pt-br\/#website\",\"url\":\"https:\/\/visasireland.ie\/pt-br\/\",\"name\":\"Visas Ireland\",\"description\":\"Visas Ireland is a team of professionals with extensive experience in the Irish Immigration System\",\"publisher\":{\"@id\":\"https:\/\/visasireland.ie\/pt-br\/#organization\"},\"potentialAction\":[{\"@type\":\"SearchAction\",\"target\":{\"@type\":\"EntryPoint\",\"urlTemplate\":\"https:\/\/visasireland.ie\/pt-br\/?s={search_term_string}\"},\"query-input\":\"required name=search_term_string\"}],\"inLanguage\":\"pt-BR\"},{\"@type\":\"Organization\",\"@id\":\"https:\/\/visasireland.ie\/pt-br\/#organization\",\"name\":\"Visas Ireland\",\"url\":\"https:\/\/visasireland.ie\/pt-br\/\",\"logo\":{\"@type\":\"ImageObject\",\"inLanguage\":\"pt-BR\",\"@id\":\"https:\/\/visasireland.ie\/pt-br\/#\/schema\/logo\/image\/\",\"url\":\"https:\/\/visasireland.ie\/wp-content\/uploads\/2022\/01\/Group-457.png\",\"contentUrl\":\"https:\/\/visasireland.ie\/wp-content\/uploads\/2022\/01\/Group-457.png\",\"width\":113,\"height\":87,\"caption\":\"Visas Ireland\"},\"image\":{\"@id\":\"https:\/\/visasireland.ie\/pt-br\/#\/schema\/logo\/image\/\"}}]}<\/script>\n<!-- \/ Yoast SEO plugin. -->","yoast_head_json":{"title":"Pol\u00edtica de Privacidade","description":"Pol\u00edtica de Privacidade","robots":{"index":"index","follow":"follow","max-snippet":"max-snippet:-1","max-image-preview":"max-image-preview:large","max-video-preview":"max-video-preview:-1"},"canonical":"https:\/\/visasireland.ie\/pt-br\/politica-de-privacidade\/","og_locale":"pt_BR","og_type":"article","og_title":"Pol\u00edtica de Privacidade","og_description":"Pol\u00edtica de Privacidade","og_url":"https:\/\/visasireland.ie\/pt-br\/politica-de-privacidade\/","og_site_name":"Visas Ireland","article_modified_time":"2024-01-11T13:28:14+00:00","twitter_card":"summary_large_image","twitter_misc":{"Est. tempo de leitura":"2 minutos"},"schema":{"@context":"https:\/\/schema.org","@graph":[{"@type":"WebPage","@id":"https:\/\/visasireland.ie\/pt-br\/politica-de-privacidade\/","url":"https:\/\/visasireland.ie\/pt-br\/politica-de-privacidade\/","name":"Pol\u00edtica de Privacidade","isPartOf":{"@id":"https:\/\/visasireland.ie\/pt-br\/#website"},"datePublished":"2022-01-10T06:15:34+00:00","dateModified":"2024-01-11T13:28:14+00:00","description":"Pol\u00edtica de Privacidade","breadcrumb":{"@id":"https:\/\/visasireland.ie\/pt-br\/politica-de-privacidade\/#breadcrumb"},"inLanguage":"pt-BR","potentialAction":[{"@type":"ReadAction","target":["https:\/\/visasireland.ie\/pt-br\/politica-de-privacidade\/"]}]},{"@type":"BreadcrumbList","@id":"https:\/\/visasireland.ie\/pt-br\/politica-de-privacidade\/#breadcrumb","itemListElement":[{"@type":"ListItem","position":1,"name":"Home","item":"https:\/\/visasireland.ie\/pt-br\/"},{"@type":"ListItem","position":2,"name":"Pol\u00edtica de Privacidade"}]},{"@type":"WebSite","@id":"https:\/\/visasireland.ie\/pt-br\/#website","url":"https:\/\/visasireland.ie\/pt-br\/","name":"Visas Ireland","description":"Visas Ireland is a team of professionals with extensive experience in the Irish Immigration System","publisher":{"@id":"https:\/\/visasireland.ie\/pt-br\/#organization"},"potentialAction":[{"@type":"SearchAction","target":{"@type":"EntryPoint","urlTemplate":"https:\/\/visasireland.ie\/pt-br\/?s={search_term_string}"},"query-input":"required name=search_term_string"}],"inLanguage":"pt-BR"},{"@type":"Organization","@id":"https:\/\/visasireland.ie\/pt-br\/#organization","name":"Visas Ireland","url":"https:\/\/visasireland.ie\/pt-br\/","logo":{"@type":"ImageObject","inLanguage":"pt-BR","@id":"https:\/\/visasireland.ie\/pt-br\/#\/schema\/logo\/image\/","url":"https:\/\/visasireland.ie\/wp-content\/uploads\/2022\/01\/Group-457.png","contentUrl":"https:\/\/visasireland.ie\/wp-content\/uploads\/2022\/01\/Group-457.png","width":113,"height":87,"caption":"Visas Ireland"},"image":{"@id":"https:\/\/visasireland.ie\/pt-br\/#\/schema\/logo\/image\/"}}]}},"_links":{"self":[{"href":"https:\/\/visasireland.ie\/pt-br\/wp-json\/wp\/v2\/pages\/1865","targetHints":{"allow":["GET"]}}],"collection":[{"href":"https:\/\/visasireland.ie\/pt-br\/wp-json\/wp\/v2\/pages"}],"about":[{"href":"https:\/\/visasireland.ie\/pt-br\/wp-json\/wp\/v2\/types\/page"}],"author":[{"embeddable":true,"href":"https:\/\/visasireland.ie\/pt-br\/wp-json\/wp\/v2\/users\/1"}],"replies":[{"embeddable":true,"href":"https:\/\/visasireland.ie\/pt-br\/wp-json\/wp\/v2\/comments?post=1865"}],"version-history":[{"count":17,"href":"https:\/\/visasireland.ie\/pt-br\/wp-json\/wp\/v2\/pages\/1865\/revisions"}],"predecessor-version":[{"id":2450,"href":"https:\/\/visasireland.ie\/pt-br\/wp-json\/wp\/v2\/pages\/1865\/revisions\/2450"}],"wp:attachment":[{"href":"https:\/\/visasireland.ie\/pt-br\/wp-json\/wp\/v2\/media?parent=1865"}],"curies":[{"name":"wp","href":"https:\/\/api.w.org\/{rel}","templated":true}]}}