{"id":1862,"date":"2022-01-12T12:45:33","date_gmt":"2022-01-12T12:45:33","guid":{"rendered":"https:\/\/visasireland.ie\/noticias\/"},"modified":"2023-02-28T07:48:47","modified_gmt":"2023-02-28T07:48:47","slug":"noticias","status":"publish","type":"page","link":"https:\/\/visasireland.ie\/pt-br\/noticias\/","title":{"rendered":"Not\u00edcias"},"content":{"rendered":"\t\t<div data-elementor-type=\"wp-page\" data-elementor-id=\"1862\" class=\"elementor elementor-1862 elementor-467\">\n\t\t\t\t\t\t\t\t\t<section class=\"elementor-section elementor-top-section elementor-element elementor-element-641daa3 elementor-section-height-min-height elementor-section-boxed elementor-section-height-default elementor-section-items-middle\" data-id=\"641daa3\" data-element_type=\"section\" data-settings=\"{&quot;background_background&quot;:&quot;classic&quot;,&quot;shape_divider_bottom&quot;:&quot;curve&quot;,&quot;shape_divider_bottom_negative&quot;:&quot;yes&quot;}\">\n\t\t\t\t\t\t\t<div class=\"elementor-background-overlay\"><\/div>\n\t\t\t\t\t\t<div class=\"elementor-shape elementor-shape-bottom\" data-negative=\"true\">\n\t\t\t<svg xmlns=\"http:\/\/www.w3.org\/2000\/svg\" viewBox=\"0 0 1000 100\" preserveAspectRatio=\"none\">\n\t<path class=\"elementor-shape-fill\" d=\"M500,97C126.7,96.3,0.8,19.8,0,0v100l1000,0V1C1000,19.4,873.3,97.8,500,97z\"\/>\n<\/svg>\t\t<\/div>\n\t\t\t\t\t<div class=\"elementor-container elementor-column-gap-default\">\n\t\t\t\t\t<div class=\"elementor-column elementor-col-100 elementor-top-column elementor-element elementor-element-c385ccb\" data-id=\"c385ccb\" data-element_type=\"column\">\n\t\t\t<div class=\"elementor-widget-wrap elementor-element-populated\">\n\t\t\t\t\t\t\t\t<div class=\"elementor-element elementor-element-93893a6 elementor-widget elementor-widget-heading\" data-id=\"93893a6\" data-element_type=\"widget\" data-widget_type=\"heading.default\">\n\t\t\t\t<div class=\"elementor-widget-container\">\n\t\t\t<style>\/*! elementor - v3.6.5 - 27-04-2022 *\/\n.elementor-heading-title{padding:0;margin:0;line-height:1}.elementor-widget-heading .elementor-heading-title[class*=elementor-size-]>a{color:inherit;font-size:inherit;line-height:inherit}.elementor-widget-heading .elementor-heading-title.elementor-size-small{font-size:15px}.elementor-widget-heading .elementor-heading-title.elementor-size-medium{font-size:19px}.elementor-widget-heading .elementor-heading-title.elementor-size-large{font-size:29px}.elementor-widget-heading .elementor-heading-title.elementor-size-xl{font-size:39px}.elementor-widget-heading .elementor-heading-title.elementor-size-xxl{font-size:59px}<\/style><h1 class=\"elementor-heading-title elementor-size-default\">News<\/h1>\t\t<\/div>\n\t\t\t\t<\/div>\n\t\t\t\t\t<\/div>\n\t\t<\/div>\n\t\t\t\t\t\t\t<\/div>\n\t\t<\/section>\n\t\t\t\t<section class=\"elementor-section elementor-top-section elementor-element elementor-element-16b1076 elementor-section-full_width elementor-section-height-default elementor-section-height-default\" data-id=\"16b1076\" data-element_type=\"section\">\n\t\t\t\t\t\t<div class=\"elementor-container elementor-column-gap-default\">\n\t\t\t\t\t<div class=\"elementor-column elementor-col-100 elementor-top-column elementor-element elementor-element-7eaf1a3\" data-id=\"7eaf1a3\" data-element_type=\"column\">\n\t\t\t<div class=\"elementor-widget-wrap elementor-element-populated\">\n\t\t\t\t\t\t\t\t<div class=\"elementor-element elementor-element-c9ad6f4 elementor-widget elementor-widget-heading\" data-id=\"c9ad6f4\" data-element_type=\"widget\" data-widget_type=\"heading.default\">\n\t\t\t\t<div class=\"elementor-widget-container\">\n\t\t\t<h2 class=\"elementor-heading-title elementor-size-default\">LATEST <span style=\"color: #333996\">NEWS<\/span><\/h2>\t\t<\/div>\n\t\t\t\t<\/div>\n\t\t\t\t\t<\/div>\n\t\t<\/div>\n\t\t\t\t\t\t\t<\/div>\n\t\t<\/section>\n\t\t\t\t\t\t\t<\/div>\n\t\t","protected":false},"excerpt":{"rendered":"<p>&#13; Not\u00edcias &#13; &#13; \u00daLTIMAS NOT\u00cdCIAS &#13;<\/p>\n","protected":false},"author":1,"featured_media":0,"parent":0,"menu_order":0,"comment_status":"closed","ping_status":"closed","template":"elementor_header_footer","meta":{"inline_featured_image":false,"ocean_post_layout":"","ocean_both_sidebars_style":"","ocean_both_sidebars_content_width":0,"ocean_both_sidebars_sidebars_width":0,"ocean_sidebar":"0","ocean_second_sidebar":"0","ocean_disable_margins":"enable","ocean_add_body_class":"","ocean_shortcode_before_top_bar":"","ocean_shortcode_after_top_bar":"","ocean_shortcode_before_header":"","ocean_shortcode_after_header":"","ocean_has_shortcode":"","ocean_shortcode_after_title":"","ocean_shortcode_before_footer_widgets":"","ocean_shortcode_after_footer_widgets":"","ocean_shortcode_before_footer_bottom":"","ocean_shortcode_after_footer_bottom":"","ocean_display_top_bar":"default","ocean_display_header":"default","ocean_header_style":"","ocean_center_header_left_menu":"0","ocean_custom_header_template":"0","ocean_custom_logo":0,"ocean_custom_retina_logo":0,"ocean_custom_logo_max_width":0,"ocean_custom_logo_tablet_max_width":0,"ocean_custom_logo_mobile_max_width":0,"ocean_custom_logo_max_height":0,"ocean_custom_logo_tablet_max_height":0,"ocean_custom_logo_mobile_max_height":0,"ocean_header_custom_menu":"0","ocean_menu_typo_font_family":"0","ocean_menu_typo_font_subset":"","ocean_menu_typo_font_size":0,"ocean_menu_typo_font_size_tablet":0,"ocean_menu_typo_font_size_mobile":0,"ocean_menu_typo_font_size_unit":"px","ocean_menu_typo_font_weight":"","ocean_menu_typo_font_weight_tablet":"","ocean_menu_typo_font_weight_mobile":"","ocean_menu_typo_transform":"","ocean_menu_typo_transform_tablet":"","ocean_menu_typo_transform_mobile":"","ocean_menu_typo_line_height":0,"ocean_menu_typo_line_height_tablet":0,"ocean_menu_typo_line_height_mobile":0,"ocean_menu_typo_line_height_unit":"","ocean_menu_typo_spacing":0,"ocean_menu_typo_spacing_tablet":0,"ocean_menu_typo_spacing_mobile":0,"ocean_menu_typo_spacing_unit":"","ocean_menu_link_color":"","ocean_menu_link_color_hover":"","ocean_menu_link_color_active":"","ocean_menu_link_background":"","ocean_menu_link_hover_background":"","ocean_menu_link_active_background":"","ocean_menu_social_links_bg":"","ocean_menu_social_hover_links_bg":"","ocean_menu_social_links_color":"","ocean_menu_social_hover_links_color":"","ocean_disable_title":"default","ocean_disable_heading":"default","ocean_post_title":"","ocean_post_subheading":"","ocean_post_title_style":"","ocean_post_title_background_color":"","ocean_post_title_background":0,"ocean_post_title_bg_image_position":"","ocean_post_title_bg_image_attachment":"","ocean_post_title_bg_image_repeat":"","ocean_post_title_bg_image_size":"","ocean_post_title_height":0,"ocean_post_title_bg_overlay":0.5,"ocean_post_title_bg_overlay_color":"","ocean_disable_breadcrumbs":"default","ocean_breadcrumbs_color":"","ocean_breadcrumbs_separator_color":"","ocean_breadcrumbs_links_color":"","ocean_breadcrumbs_links_hover_color":"","ocean_display_footer_widgets":"default","ocean_display_footer_bottom":"default","ocean_custom_footer_template":"0","footnotes":""},"class_list":["post-1862","page","type-page","status-publish","hentry","entry"],"yoast_head":"<!-- This site is optimized with the Yoast SEO plugin v19.9 - https:\/\/yoast.com\/wordpress\/plugins\/seo\/ -->\n<title>Not\u00edcias em Visa Ireland<\/title>\n<meta name=\"description\" content=\"Not\u00edcias em Visa Ireland - Confira as \u00faltimas not\u00edcias sobre o visto para a Irlanda, junto com as not\u00edcias ao vivo sobre visto para a Irlanda do Times of India.\" \/>\n<meta name=\"robots\" content=\"index, follow, max-snippet:-1, max-image-preview:large, max-video-preview:-1\" \/>\n<link rel=\"canonical\" href=\"https:\/\/visasireland.ie\/pt-br\/noticias\/\" \/>\n<meta property=\"og:locale\" content=\"pt_BR\" \/>\n<meta property=\"og:type\" content=\"article\" \/>\n<meta property=\"og:title\" content=\"Not\u00edcias em Visa Ireland\" \/>\n<meta property=\"og:description\" content=\"Not\u00edcias em Visa Ireland - Confira as \u00faltimas not\u00edcias sobre o visto para a Irlanda, junto com as not\u00edcias ao vivo sobre visto para a Irlanda do Times of India.\" \/>\n<meta property=\"og:url\" content=\"https:\/\/visasireland.ie\/pt-br\/noticias\/\" \/>\n<meta property=\"og:site_name\" content=\"Visas Ireland\" \/>\n<meta property=\"article:modified_time\" content=\"2023-02-28T07:48:47+00:00\" \/>\n<meta name=\"twitter:card\" content=\"summary_large_image\" \/>\n<script type=\"application\/ld+json\" class=\"yoast-schema-graph\">{\"@context\":\"https:\/\/schema.org\",\"@graph\":[{\"@type\":\"WebPage\",\"@id\":\"https:\/\/visasireland.ie\/pt-br\/noticias\/\",\"url\":\"https:\/\/visasireland.ie\/pt-br\/noticias\/\",\"name\":\"Not\u00edcias em Visa Ireland\",\"isPartOf\":{\"@id\":\"https:\/\/visasireland.ie\/pt-br\/#website\"},\"datePublished\":\"2022-01-12T12:45:33+00:00\",\"dateModified\":\"2023-02-28T07:48:47+00:00\",\"description\":\"Not\u00edcias em Visa Ireland - Confira as \u00faltimas not\u00edcias sobre o visto para a Irlanda, junto com as not\u00edcias ao vivo sobre visto para a Irlanda do Times of India.\",\"breadcrumb\":{\"@id\":\"https:\/\/visasireland.ie\/pt-br\/noticias\/#breadcrumb\"},\"inLanguage\":\"pt-BR\",\"potentialAction\":[{\"@type\":\"ReadAction\",\"target\":[\"https:\/\/visasireland.ie\/pt-br\/noticias\/\"]}]},{\"@type\":\"BreadcrumbList\",\"@id\":\"https:\/\/visasireland.ie\/pt-br\/noticias\/#breadcrumb\",\"itemListElement\":[{\"@type\":\"ListItem\",\"position\":1,\"name\":\"Home\",\"item\":\"https:\/\/visasireland.ie\/pt-br\/\"},{\"@type\":\"ListItem\",\"position\":2,\"name\":\"Not\u00edcias\"}]},{\"@type\":\"WebSite\",\"@id\":\"https:\/\/visasireland.ie\/pt-br\/#website\",\"url\":\"https:\/\/visasireland.ie\/pt-br\/\",\"name\":\"Visas Ireland\",\"description\":\"Visas Ireland is a team of professionals with extensive experience in the Irish Immigration System\",\"publisher\":{\"@id\":\"https:\/\/visasireland.ie\/pt-br\/#organization\"},\"potentialAction\":[{\"@type\":\"SearchAction\",\"target\":{\"@type\":\"EntryPoint\",\"urlTemplate\":\"https:\/\/visasireland.ie\/pt-br\/?s={search_term_string}\"},\"query-input\":\"required name=search_term_string\"}],\"inLanguage\":\"pt-BR\"},{\"@type\":\"Organization\",\"@id\":\"https:\/\/visasireland.ie\/pt-br\/#organization\",\"name\":\"Visas Ireland\",\"url\":\"https:\/\/visasireland.ie\/pt-br\/\",\"logo\":{\"@type\":\"ImageObject\",\"inLanguage\":\"pt-BR\",\"@id\":\"https:\/\/visasireland.ie\/pt-br\/#\/schema\/logo\/image\/\",\"url\":\"https:\/\/visasireland.ie\/wp-content\/uploads\/2022\/01\/Group-457.png\",\"contentUrl\":\"https:\/\/visasireland.ie\/wp-content\/uploads\/2022\/01\/Group-457.png\",\"width\":113,\"height\":87,\"caption\":\"Visas Ireland\"},\"image\":{\"@id\":\"https:\/\/visasireland.ie\/pt-br\/#\/schema\/logo\/image\/\"}}]}<\/script>\n<!-- \/ Yoast SEO plugin. -->","yoast_head_json":{"title":"Not\u00edcias em Visa Ireland","description":"Not\u00edcias em Visa Ireland - Confira as \u00faltimas not\u00edcias sobre o visto para a Irlanda, junto com as not\u00edcias ao vivo sobre visto para a Irlanda do Times of India.","robots":{"index":"index","follow":"follow","max-snippet":"max-snippet:-1","max-image-preview":"max-image-preview:large","max-video-preview":"max-video-preview:-1"},"canonical":"https:\/\/visasireland.ie\/pt-br\/noticias\/","og_locale":"pt_BR","og_type":"article","og_title":"Not\u00edcias em Visa Ireland","og_description":"Not\u00edcias em Visa Ireland - Confira as \u00faltimas not\u00edcias sobre o visto para a Irlanda, junto com as not\u00edcias ao vivo sobre visto para a Irlanda do Times of India.","og_url":"https:\/\/visasireland.ie\/pt-br\/noticias\/","og_site_name":"Visas Ireland","article_modified_time":"2023-02-28T07:48:47+00:00","twitter_card":"summary_large_image","schema":{"@context":"https:\/\/schema.org","@graph":[{"@type":"WebPage","@id":"https:\/\/visasireland.ie\/pt-br\/noticias\/","url":"https:\/\/visasireland.ie\/pt-br\/noticias\/","name":"Not\u00edcias em Visa Ireland","isPartOf":{"@id":"https:\/\/visasireland.ie\/pt-br\/#website"},"datePublished":"2022-01-12T12:45:33+00:00","dateModified":"2023-02-28T07:48:47+00:00","description":"Not\u00edcias em Visa Ireland - Confira as \u00faltimas not\u00edcias sobre o visto para a Irlanda, junto com as not\u00edcias ao vivo sobre visto para a Irlanda do Times of India.","breadcrumb":{"@id":"https:\/\/visasireland.ie\/pt-br\/noticias\/#breadcrumb"},"inLanguage":"pt-BR","potentialAction":[{"@type":"ReadAction","target":["https:\/\/visasireland.ie\/pt-br\/noticias\/"]}]},{"@type":"BreadcrumbList","@id":"https:\/\/visasireland.ie\/pt-br\/noticias\/#breadcrumb","itemListElement":[{"@type":"ListItem","position":1,"name":"Home","item":"https:\/\/visasireland.ie\/pt-br\/"},{"@type":"ListItem","position":2,"name":"Not\u00edcias"}]},{"@type":"WebSite","@id":"https:\/\/visasireland.ie\/pt-br\/#website","url":"https:\/\/visasireland.ie\/pt-br\/","name":"Visas Ireland","description":"Visas Ireland is a team of professionals with extensive experience in the Irish Immigration System","publisher":{"@id":"https:\/\/visasireland.ie\/pt-br\/#organization"},"potentialAction":[{"@type":"SearchAction","target":{"@type":"EntryPoint","urlTemplate":"https:\/\/visasireland.ie\/pt-br\/?s={search_term_string}"},"query-input":"required name=search_term_string"}],"inLanguage":"pt-BR"},{"@type":"Organization","@id":"https:\/\/visasireland.ie\/pt-br\/#organization","name":"Visas Ireland","url":"https:\/\/visasireland.ie\/pt-br\/","logo":{"@type":"ImageObject","inLanguage":"pt-BR","@id":"https:\/\/visasireland.ie\/pt-br\/#\/schema\/logo\/image\/","url":"https:\/\/visasireland.ie\/wp-content\/uploads\/2022\/01\/Group-457.png","contentUrl":"https:\/\/visasireland.ie\/wp-content\/uploads\/2022\/01\/Group-457.png","width":113,"height":87,"caption":"Visas Ireland"},"image":{"@id":"https:\/\/visasireland.ie\/pt-br\/#\/schema\/logo\/image\/"}}]}},"_links":{"self":[{"href":"https:\/\/visasireland.ie\/pt-br\/wp-json\/wp\/v2\/pages\/1862","targetHints":{"allow":["GET"]}}],"collection":[{"href":"https:\/\/visasireland.ie\/pt-br\/wp-json\/wp\/v2\/pages"}],"about":[{"href":"https:\/\/visasireland.ie\/pt-br\/wp-json\/wp\/v2\/types\/page"}],"author":[{"embeddable":true,"href":"https:\/\/visasireland.ie\/pt-br\/wp-json\/wp\/v2\/users\/1"}],"replies":[{"embeddable":true,"href":"https:\/\/visasireland.ie\/pt-br\/wp-json\/wp\/v2\/comments?post=1862"}],"version-history":[{"count":5,"href":"https:\/\/visasireland.ie\/pt-br\/wp-json\/wp\/v2\/pages\/1862\/revisions"}],"predecessor-version":[{"id":2182,"href":"https:\/\/visasireland.ie\/pt-br\/wp-json\/wp\/v2\/pages\/1862\/revisions\/2182"}],"wp:attachment":[{"href":"https:\/\/visasireland.ie\/pt-br\/wp-json\/wp\/v2\/media?parent=1862"}],"curies":[{"name":"wp","href":"https:\/\/api.w.org\/{rel}","templated":true}]}}